{"id":248,"date":"2021-01-12T13:33:53","date_gmt":"2021-01-12T13:33:53","guid":{"rendered":"https:\/\/confiancia.be\/services\/"},"modified":"2021-09-22T16:49:40","modified_gmt":"2021-09-22T14:49:40","slug":"dienstleistungen","status":"publish","type":"page","link":"https:\/\/confiancia.be\/de\/dienstleistungen\/","title":{"rendered":"Dienstleistungen"},"content":{"rendered":"\r\n<h1 class=\"wp-block-heading\">Unsere Dienstleistungen<\/h1>\r\n\r\n\r\n\r\n<p>&nbsp;<\/p>\r\n\r\n\r\n\r\n<p>Da jede Situation einzigartig ist, helfen Ihnen unsere Experten das ganze Jahr \u00fcber bei Ihren administrativen und buchhalterischen Abl\u00e4ufen.<\/p>\r\n\r\n\r\n\r\n<p>Unsere Treuh\u00e4nder vereinen alle Kompetenzen, damit Sie von einem umfassenden und pers\u00f6nlichen Service und leistungsstarken digitalen Tools profitieren k\u00f6nnen.<\/p>\r\n\r\n\r\n\r\n<ul>\r\n<li>Unternehmensgr\u00fcndung<\/li>\r\n<li>Digitalisierung Ihrer Buchhaltung<\/li>\r\n<li>Steuer- und Unternehmensberatung<\/li>\r\n<li>Gesellschaftsrecht<\/li>\r\n<li>Budget &amp; Finanzplan<\/li>\r\n<li>Unternehmensnachfolge<\/li>\r\n<\/ul>\r\n","protected":false},"excerpt":{"rendered":"<p>Unsere Dienstleistungen &nbsp; Da jede Situation einzigartig ist, helfen Ihnen unsere Experten das ganze Jahr \u00fcber bei Ihren administrativen und buchhalterischen Abl\u00e4ufen. Unsere Treuh\u00e4nder vereinen alle Kompetenzen, damit Sie von einem umfassenden und pers\u00f6nlichen Service und leistungsstarken digitalen Tools profitieren k\u00f6nnen. Unternehmensgr\u00fcndung Digitalisierung Ihrer Buchhaltung Steuer- und Unternehmensberatung Gesellschaftsrecht Budget &amp; Finanzplan Unternehmensnachfolge<\/p>\n","protected":false},"author":1,"featured_media":0,"parent":0,"menu_order":0,"comment_status":"closed","ping_status":"closed","template":"page-services.php","meta":{"footnotes":""},"acf":[],"yoast_head":"<!-- This site is optimized with the Yoast SEO plugin v21.9.1 - https:\/\/yoast.com\/wordpress\/plugins\/seo\/ -->\n<title>Dienstleistungen - Confiancia - Steuerberaterb\u00fcro in Belgien und Luxemburg<\/title>\n<meta name=\"description\" content=\"Confiancia ber\u00e4t Sie bei Ihren nationalen und grenz\u00fcberschreitenden Aktivit\u00e4ten dank unserer kompetenten Steuerberater in Belgien und Luxemburg, die \u00fcber eine langj\u00e4hrige Erfahrung verf\u00fcgen.\" \/>\n<meta name=\"robots\" content=\"index, follow, max-snippet:-1, max-image-preview:large, max-video-preview:-1\" \/>\n<link rel=\"canonical\" href=\"https:\/\/confiancia.be\/de\/dienstleistungen\/\" \/>\n<meta property=\"og:locale\" content=\"de_DE\" \/>\n<meta property=\"og:type\" content=\"article\" \/>\n<meta property=\"og:title\" content=\"Dienstleistungen - Confiancia - Steuerberaterb\u00fcro in Belgien und Luxemburg\" \/>\n<meta property=\"og:description\" content=\"Confiancia ber\u00e4t Sie bei Ihren nationalen und grenz\u00fcberschreitenden Aktivit\u00e4ten dank unserer kompetenten Steuerberater in Belgien und Luxemburg, die \u00fcber eine langj\u00e4hrige Erfahrung verf\u00fcgen.\" \/>\n<meta property=\"og:url\" content=\"https:\/\/confiancia.be\/de\/dienstleistungen\/\" \/>\n<meta property=\"og:site_name\" content=\"Confiancia\" \/>\n<meta property=\"article:modified_time\" content=\"2021-09-22T14:49:40+00:00\" \/>\n<meta name=\"twitter:card\" content=\"summary_large_image\" \/>\n<meta name=\"twitter:label1\" content=\"Gesch\u00e4tzte Lesezeit\" \/>\n\t<meta name=\"twitter:data1\" content=\"1\u00a0Minute\" \/>\n<script type=\"application\/ld+json\" class=\"yoast-schema-graph\">{\"@context\":\"https:\/\/schema.org\",\"@graph\":[{\"@type\":\"WebPage\",\"@id\":\"https:\/\/confiancia.be\/de\/dienstleistungen\/\",\"url\":\"https:\/\/confiancia.be\/de\/dienstleistungen\/\",\"name\":\"Dienstleistungen - Confiancia - Steuerberaterb\u00fcro in Belgien und Luxemburg\",\"isPartOf\":{\"@id\":\"https:\/\/confiancia.be\/#website\"},\"datePublished\":\"2021-01-12T13:33:53+00:00\",\"dateModified\":\"2021-09-22T14:49:40+00:00\",\"description\":\"Confiancia ber\u00e4t Sie bei Ihren nationalen und grenz\u00fcberschreitenden Aktivit\u00e4ten dank unserer kompetenten Steuerberater in Belgien und Luxemburg, die \u00fcber eine langj\u00e4hrige Erfahrung verf\u00fcgen.\",\"breadcrumb\":{\"@id\":\"https:\/\/confiancia.be\/de\/dienstleistungen\/#breadcrumb\"},\"inLanguage\":\"de\",\"potentialAction\":[{\"@type\":\"ReadAction\",\"target\":[\"https:\/\/confiancia.be\/de\/dienstleistungen\/\"]}]},{\"@type\":\"BreadcrumbList\",\"@id\":\"https:\/\/confiancia.be\/de\/dienstleistungen\/#breadcrumb\",\"itemListElement\":[{\"@type\":\"ListItem\",\"position\":1,\"name\":\"Accueil\",\"item\":\"https:\/\/confiancia.be\/de\/\"},{\"@type\":\"ListItem\",\"position\":2,\"name\":\"Dienstleistungen\"}]},{\"@type\":\"WebSite\",\"@id\":\"https:\/\/confiancia.be\/#website\",\"url\":\"https:\/\/confiancia.be\/\",\"name\":\"Confiancia\",\"description\":\"\",\"potentialAction\":[{\"@type\":\"SearchAction\",\"target\":{\"@type\":\"EntryPoint\",\"urlTemplate\":\"https:\/\/confiancia.be\/?s={search_term_string}\"},\"query-input\":\"required name=search_term_string\"}],\"inLanguage\":\"de\"}]}<\/script>\n<!-- \/ Yoast SEO plugin. -->","yoast_head_json":{"title":"Dienstleistungen - Confiancia - Steuerberaterb\u00fcro in Belgien und Luxemburg","description":"Confiancia ber\u00e4t Sie bei Ihren nationalen und grenz\u00fcberschreitenden Aktivit\u00e4ten dank unserer kompetenten Steuerberater in Belgien und Luxemburg, die \u00fcber eine langj\u00e4hrige Erfahrung verf\u00fcgen.","robots":{"index":"index","follow":"follow","max-snippet":"max-snippet:-1","max-image-preview":"max-image-preview:large","max-video-preview":"max-video-preview:-1"},"canonical":"https:\/\/confiancia.be\/de\/dienstleistungen\/","og_locale":"de_DE","og_type":"article","og_title":"Dienstleistungen - Confiancia - Steuerberaterb\u00fcro in Belgien und Luxemburg","og_description":"Confiancia ber\u00e4t Sie bei Ihren nationalen und grenz\u00fcberschreitenden Aktivit\u00e4ten dank unserer kompetenten Steuerberater in Belgien und Luxemburg, die \u00fcber eine langj\u00e4hrige Erfahrung verf\u00fcgen.","og_url":"https:\/\/confiancia.be\/de\/dienstleistungen\/","og_site_name":"Confiancia","article_modified_time":"2021-09-22T14:49:40+00:00","twitter_card":"summary_large_image","twitter_misc":{"Gesch\u00e4tzte Lesezeit":"1\u00a0Minute"},"schema":{"@context":"https:\/\/schema.org","@graph":[{"@type":"WebPage","@id":"https:\/\/confiancia.be\/de\/dienstleistungen\/","url":"https:\/\/confiancia.be\/de\/dienstleistungen\/","name":"Dienstleistungen - Confiancia - Steuerberaterb\u00fcro in Belgien und Luxemburg","isPartOf":{"@id":"https:\/\/confiancia.be\/#website"},"datePublished":"2021-01-12T13:33:53+00:00","dateModified":"2021-09-22T14:49:40+00:00","description":"Confiancia ber\u00e4t Sie bei Ihren nationalen und grenz\u00fcberschreitenden Aktivit\u00e4ten dank unserer kompetenten Steuerberater in Belgien und Luxemburg, die \u00fcber eine langj\u00e4hrige Erfahrung verf\u00fcgen.","breadcrumb":{"@id":"https:\/\/confiancia.be\/de\/dienstleistungen\/#breadcrumb"},"inLanguage":"de","potentialAction":[{"@type":"ReadAction","target":["https:\/\/confiancia.be\/de\/dienstleistungen\/"]}]},{"@type":"BreadcrumbList","@id":"https:\/\/confiancia.be\/de\/dienstleistungen\/#breadcrumb","itemListElement":[{"@type":"ListItem","position":1,"name":"Accueil","item":"https:\/\/confiancia.be\/de\/"},{"@type":"ListItem","position":2,"name":"Dienstleistungen"}]},{"@type":"WebSite","@id":"https:\/\/confiancia.be\/#website","url":"https:\/\/confiancia.be\/","name":"Confiancia","description":"","potentialAction":[{"@type":"SearchAction","target":{"@type":"EntryPoint","urlTemplate":"https:\/\/confiancia.be\/?s={search_term_string}"},"query-input":"required name=search_term_string"}],"inLanguage":"de"}]}},"_links":{"self":[{"href":"https:\/\/confiancia.be\/de\/wp-json\/wp\/v2\/pages\/248"}],"collection":[{"href":"https:\/\/confiancia.be\/de\/wp-json\/wp\/v2\/pages"}],"about":[{"href":"https:\/\/confiancia.be\/de\/wp-json\/wp\/v2\/types\/page"}],"author":[{"embeddable":true,"href":"https:\/\/confiancia.be\/de\/wp-json\/wp\/v2\/users\/1"}],"replies":[{"embeddable":true,"href":"https:\/\/confiancia.be\/de\/wp-json\/wp\/v2\/comments?post=248"}],"version-history":[{"count":25,"href":"https:\/\/confiancia.be\/de\/wp-json\/wp\/v2\/pages\/248\/revisions"}],"predecessor-version":[{"id":1231,"href":"https:\/\/confiancia.be\/de\/wp-json\/wp\/v2\/pages\/248\/revisions\/1231"}],"wp:attachment":[{"href":"https:\/\/confiancia.be\/de\/wp-json\/wp\/v2\/media?parent=248"}],"curies":[{"name":"wp","href":"https:\/\/api.w.org\/{rel}","templated":true}]}}